{"id":11,"date":"2016-10-31T10:44:48","date_gmt":"2016-10-31T12:44:48","guid":{"rendered":"http:\/\/www.bikefit.lt\/?page_id=11"},"modified":"2026-03-28T07:28:39","modified_gmt":"2026-03-28T09:28:39","slug":"pagrindinis","status":"publish","type":"page","link":"https:\/\/www.bikefit.lt\/","title":{"rendered":"Pagrindinis"},"content":{"rendered":"<p>[vc_row][vc_column]\n\t\t\t<!-- START Slider 1 1 REVOLUTION SLIDER 6.1.0 --><p class=\"rs-p-wp-fix\"><\/p>\n\t\t\t<rs-module-wrap id=\"rev_slider_3_1_wrapper\" data-source=\"gallery\" style=\"background:transparent;padding:0;margin:0px auto;margin-top:0;margin-bottom:0;\">\n\t\t\t\t<rs-module id=\"rev_slider_3_1\" style=\"display:none;\" data-version=\"6.1.0\">\n\t\t\t\t\t<rs-slides>\n\t\t\t\t\t\t<rs-slide data-key=\"rs-15\" data-title=\"Slide\" data-anim=\"ei:d;eo:d;s:1000;r:0;t:fade;sl:0;\">\n\t\t\t\t\t\t\t<img loading=\"lazy\" decoding=\"async\" src=\"\/\/www.bikefit.lt\/wp-content\/uploads\/2016\/10\/Slide1-1.jpg\" title=\"Slide1-1\" width=\"1992\" height=\"550\" data-bg=\"p:center bottom;\" class=\"rev-slidebg\" data-no-retina>\n<!---->\t\t\t\t\t\t<\/rs-slide>\n\t\t\t\t\t\t<rs-slide data-key=\"rs-16\" data-title=\"Slide\" data-anim=\"ei:d;eo:d;s:1000;r:0;t:fade;sl:0;\">\n\t\t\t\t\t\t\t<img loading=\"lazy\" decoding=\"async\" src=\"\/\/www.bikefit.lt\/wp-content\/uploads\/2016\/10\/Slide1.jpg\" title=\"Slide1\" width=\"1992\" height=\"550\" data-bg=\"p:center bottom;\" class=\"rev-slidebg\" data-no-retina>\n<!---->\t\t\t\t\t\t<\/rs-slide>\n\t\t\t\t\t<\/rs-slides>\n\t\t\t\t\t<rs-progress class=\"rs-bottom\" style=\"visibility: hidden !important;\"><\/rs-progress>\n\t\t\t\t<\/rs-module>\n\t\t\t\t<script type=\"text\/javascript\">\n\t\t\t\t\tsetREVStartSize({c: 'rev_slider_3_1',rl:[1240,1024,778,480],el:[550],gw:[1920],gh:[550],layout:'fullwidth',mh:\"0\"});\n\t\t\t\t\tvar\trevapi3,\n\t\t\t\t\t\ttpj;\n\t\t\t\t\tjQuery(function() {\n\t\t\t\t\t\ttpj = jQuery;\n\t\t\t\t\t\tif(tpj(\"#rev_slider_3_1\").revolution == undefined){\n\t\t\t\t\t\t\trevslider_showDoubleJqueryError(\"#rev_slider_3_1\");\n\t\t\t\t\t\t}else{\n\t\t\t\t\t\t\trevapi3 = tpj(\"#rev_slider_3_1\").show().revolution({\n\t\t\t\t\t\t\t\tjsFileLocation:\"\/\/www.bikefit.lt\/wp-content\/plugins\/revslider\/public\/assets\/js\/\",\n\t\t\t\t\t\t\t\tsliderLayout:\"fullwidth\",\n\t\t\t\t\t\t\t\tduration:\"3000ms\",\n\t\t\t\t\t\t\t\tvisibilityLevels:\"1240,1024,778,480\",\n\t\t\t\t\t\t\t\tgridwidth:1920,\n\t\t\t\t\t\t\t\tgridheight:550,\n\t\t\t\t\t\t\t\tminHeight:\"\",\n\t\t\t\t\t\t\t\tspinner:\"spinner0\",\n\t\t\t\t\t\t\t\teditorheight:\"550,768,960,720\",\n\t\t\t\t\t\t\t\tresponsiveLevels:\"1240,1024,778,480\",\n\t\t\t\t\t\t\t\tdisableProgressBar:\"on\",\n\t\t\t\t\t\t\t\tnavigation: {\n\t\t\t\t\t\t\t\t\tonHoverStop:false\n\t\t\t\t\t\t\t\t},\n\t\t\t\t\t\t\t\tfallbacks: {\n\t\t\t\t\t\t\t\t\tallowHTML5AutoPlayOnAndroid:true\n\t\t\t\t\t\t\t\t},\n\t\t\t\t\t\t\t});\n\t\t\t\t\t\t}\n\t\t\t\t\t\t\n\t\t\t\t\t});\n\t\t\t\t<\/script>\n\t\t\t<\/rs-module-wrap>\n\t\t\t<!-- END REVOLUTION SLIDER -->\n[\/vc_column][\/vc_row][vc_row bg_type=&#8221;bg_color&#8221; bg_override=&#8221;full&#8221; parallax_content=&#8221;off&#8221; fadeout_row=&#8221;off&#8221; enable_overlay=&#8221;off&#8221; seperator_enable=&#8221;off&#8221; bg_color_value=&#8221;#eeeeee&#8221; el_class=&#8221;regblock&#8221;][vc_column]<div class=\"boc_spacing \" style=\"height: 60px\"><\/div><h4 class=\"boc_heading  center  \"  style=\"margin-bottom: 20px;margin-top: 0px;color: #333333;\"><span>Jei norite ant dvira\u010dio jaustis patogiai, kad J\u016bs\u0173 generuojama j\u0117ga b\u016bt\u0173 subalansuota tinkamai ir kad aerodinamin\u0117s dvira\u010dio savyb\u0117s Jums pad\u0117t\u0173 lengviau priart\u0117ti prie norimo tikslo \u2013 <strong>susireguliuokite dvira\u010dio s\u0117d\u0117sen\u0105! <\/strong><\/span><\/h4>[vc_raw_js]JTNDJTIxLS0lMjBDYWxlbmRseSUyMGlubGluZSUyMHdpZGdldCUyMGJlZ2luJTIwLS0lM0UlMEElM0NkaXYlMjBjbGFzcyUzRCUyMmNhbGVuZGx5LWlubGluZS13aWRnZXQlMjIlMjBkYXRhLXVybCUzRCUyMmh0dHBzJTNBJTJGJTJGY2FsZW5kbHkuY29tJTJGYmlrZWZpdC12bzJtYXglMkZiaWtlZml0LXZvMm1heCUzRmhpZGVfZ2Rwcl9iYW5uZXIlM0QxJTI2YmFja2dyb3VuZF9jb2xvciUzRGZmZmZmZiUyMiUyMHN0eWxlJTNEJTIybWluLXdpZHRoJTNBMzIwcHglM0JoZWlnaHQlM0E5MDBweCUzQiUyMiUzRSUzQyUyRmRpdiUzRSUwQSUzQ3NjcmlwdCUyMHR5cGUlM0QlMjJ0ZXh0JTJGamF2YXNjcmlwdCUyMiUyMHNyYyUzRCUyMmh0dHBzJTNBJTJGJTJGYXNzZXRzLmNhbGVuZGx5LmNvbSUyRmFzc2V0cyUyRmV4dGVybmFsJTJGd2lkZ2V0LmpzJTIyJTIwYXN5bmMlM0UlM0MlMkZzY3JpcHQlM0UlMEElM0MlMjEtLSUyMENhbGVuZGx5JTIwaW5saW5lJTIwd2lkZ2V0JTIwZW5kJTIwLS0lM0U=[\/vc_raw_js][\/vc_column][\/vc_row][vc_row content_placement=&#8221;middle&#8221; css=&#8221;.vc_custom_1701861958722{margin-top: 20px !important;margin-bottom: 20px !important;}&#8221;][vc_column width=&#8221;1\/2&#8243;][vc_single_image img_size=&#8221;medium&#8221; alignment=&#8221;center&#8221; image=&#8221;312&#8243;][\/vc_column][vc_column width=&#8221;1\/2&#8243;][vc_column_text]<span style=\"font-size: 12pt;\"><strong><div class=\"boc_icon_holder boc_icon_size_normal boc_icon_pos_left  \" style=\"\"><span class=\"boc_icon icon icon-checkmark\" style=\"color:#f48024;\"><\/span><\/div> Renkat\u0117s dvirat\u012f su galimybe pasirinkti vairo plot\u012f?<\/strong><\/span><\/p>\n<p><span style=\"font-size: 12pt;\"><strong><div class=\"boc_icon_holder boc_icon_size_normal boc_icon_pos_left  \" style=\"\"><span class=\"boc_icon icon icon-checkmark\" style=\"color:#f48024;\"><\/span><\/div> Ne\u017einote kokio plo\u010dio vairas tinka Jums?<\/strong><\/span><\/p>\n<p><span style=\"font-size: 12pt;\"><strong><div class=\"boc_icon_holder boc_icon_size_normal boc_icon_pos_left  \" style=\"\"><span class=\"boc_icon icon icon-checkmark\" style=\"color:#f48024;\"><\/span><\/div> Galime Jums pad\u0117ti, si\u016blome pasibandyti skirting\u0173 plo\u010di\u0173 vairus<\/strong><\/span><\/p>\n<p><span style=\"font-size: 12pt;\"><strong><div class=\"boc_icon_holder boc_icon_size_normal boc_icon_pos_left  \" style=\"\"><span class=\"boc_icon icon icon-checkmark\" style=\"color:#f48024;\"><\/span><\/div> Matavimo metu galimi vair\u0173 plo\u010diai nuo 320mm iki 440mm<\/strong><\/span><\/p>\n<p><span style=\"font-size: 12pt;\"><strong><div class=\"boc_icon_holder boc_icon_size_normal boc_icon_pos_left  \" style=\"\"><span class=\"boc_icon icon icon-checkmark\" style=\"color:#f48024;\"><\/span><\/div> Paslaugos kaina &#8211; 40eur\u00a0<\/strong><\/span>[\/vc_column_text][\/vc_column][\/vc_row][vc_row content_placement=&#8221;middle&#8221; css=&#8221;.vc_custom_1701861958722{margin-top: 20px !important;margin-bottom: 20px !important;}&#8221;][vc_column width=&#8221;1\/2&#8243;][vc_single_image img_size=&#8221;medium&#8221; alignment=&#8221;center&#8221; image=&#8221;271&#8243;][\/vc_column][vc_column width=&#8221;1\/2&#8243;][vc_column_text]<span style=\"font-size: 12pt;\"><strong><div class=\"boc_icon_holder boc_icon_size_normal boc_icon_pos_left  \" style=\"\"><span class=\"boc_icon icon icon-checkmark\" style=\"color:#f48024;\"><\/span><\/div> Skauda dubens kaulus, patiriat diskomfort\u0105 va\u017eiuojant dvira\u010diu?<\/strong><\/span><\/p>\n<p><span style=\"font-size: 12pt;\"><strong><div class=\"boc_icon_holder boc_icon_size_normal boc_icon_pos_left  \" style=\"\"><span class=\"boc_icon icon icon-checkmark\" style=\"color:#f48024;\"><\/span><\/div> Ie\u0161kote dvira\u010dio balnelio, ne\u017einote kokio tipo balnelis tinka?<\/strong><\/span><\/p>\n<p><span style=\"font-size: 12pt;\"><strong><div class=\"boc_icon_holder boc_icon_size_normal boc_icon_pos_left  \" style=\"\"><span class=\"boc_icon icon icon-checkmark\" style=\"color:#f48024;\"><\/span><\/div> Mes norime Jums pad\u0117ti, si\u016blome pasibandyti skirting\u0173 tip\u0173 balnelius.<\/strong><\/span><\/p>\n<p><span style=\"font-size: 12pt;\"><strong><div class=\"boc_icon_holder boc_icon_size_normal boc_icon_pos_left  \" style=\"\"><span class=\"boc_icon icon icon-checkmark\" style=\"color:#f48024;\"><\/span><\/div> Paslaugos kaina &#8211; 40eur (balnelio nu\u0117mimas, u\u017ed\u0117jimas, balnelio auk\u0161\u010dio pritaikymas pagal \u017emog\u0173)<\/strong><\/span><\/p>\n<p><span style=\"font-size: 12pt;\"><strong><div class=\"boc_icon_holder boc_icon_size_normal boc_icon_pos_left  \" style=\"\"><span class=\"boc_icon icon icon-checkmark\" style=\"color:#f48024;\"><\/span><\/div> Pasirinkto balnelio testavimas 1diena\/10eur.<\/strong><\/span>[\/vc_column_text][\/vc_column][\/vc_row][vc_row][vc_column][\/vc_column][\/vc_row][vc_row css=&#8221;.vc_custom_1701862622395{padding-bottom: 1px !important;}&#8221;][vc_column]<div class=\"boc_spacing \" style=\"height: 60px\"><\/div>[vc_column_text][rev_slider_vc alias=&#8221;pagr&#8221;]<div class=\"boc_spacing \" style=\"height: -10px\"><\/div>[\/vc_column_text][\/vc_column][\/vc_row][vc_row bg_type=&#8221;bg_color&#8221; bg_override=&#8221;full&#8221; bg_color_value=&#8221;#dddddd&#8221;][vc_column]<div class=\"boc_spacing \" style=\"height: 20px\"><\/div>[\/vc_column][vc_column width=&#8221;1\/3&#8243; css=&#8221;.vc_custom_1478087376621{margin-top: 0px !important;margin-right: 0px !important;margin-bottom: 20px !important;margin-left: 0px !important;border-top-width: 1px !important;border-right-width: 1px !important;border-bottom-width: 1px !important;border-left-width: 1px !important;padding-top: 15px !important;padding-right: 15px !important;padding-bottom: 15px !important;padding-left: 15px !important;background-position: center !important;background-repeat: no-repeat !important;background-size: cover !important;border-left-color: #f48024 !important;border-left-style: solid !important;border-right-color: #f48024 !important;border-right-style: solid !important;border-top-color: #f48024 !important;border-top-style: solid !important;border-bottom-color: #f48024 !important;border-bottom-style: solid !important;border-radius: 1px !important;}&#8221;]<h2 class=\"boc_heading  al_left  \"  style=\"margin-bottom: 20px;margin-top: 0px;\"><span>Su taisyklingai sureguliuota dvira\u010dio s\u0117d\u0117sena <strong>Jums:<\/strong><\/span><\/h2>[vc_column_text]<div class=\"boc_icon_holder boc_icon_size_normal boc_icon_pos_left  \" style=\"\"><span class=\"boc_icon icon icon-checkmark\" style=\"color:#f48024;\"><\/span><\/div>Dings nemalon\u016bs kaklo, nugaros, keli\u0173 skausmai<\/p>\n<div class=\"boc_icon_holder boc_icon_size_normal boc_icon_pos_left  \" style=\"\"><span class=\"boc_icon icon icon-checkmark\" style=\"color:#f48024;\"><\/span><\/div>Kalnas, nuokaln\u0117 bus lengviau \u012fveikiami<\/p>\n<div class=\"boc_icon_holder boc_icon_size_normal boc_icon_pos_left  \" style=\"\"><span class=\"boc_icon icon icon-checkmark\" style=\"color:#f48024;\"><\/span><\/div>Dviratis taps lengviau valdomas \u2013 J\u016bs valdysite dvirat\u012f, ne dviratis Jus<\/p>\n<div class=\"boc_icon_holder boc_icon_size_normal boc_icon_pos_left  \" style=\"\"><span class=\"boc_icon icon icon-checkmark\" style=\"color:#f48024;\"><\/span><\/div>Pager\u0117s va\u017eiavimo ergonomika \u2013 dviratis Jums taps komforti\u0161kas tiek treniruo\u010di\u0173, tiek va\u017ein\u0117jantis laisvalaikio metu<\/p>\n<div class=\"boc_icon_holder boc_icon_size_normal boc_icon_pos_left  \" style=\"\"><span class=\"boc_icon icon icon-checkmark\" style=\"color:#f48024;\"><\/span><\/div>Pager\u0117s J\u016bs\u0173 rezultatai!<\/p>\n<div class=\"boc_icon_holder boc_icon_size_normal boc_icon_pos_left  \" style=\"\"><span class=\"boc_icon icon icon-checkmark\" style=\"color:#f48024;\"><\/span><\/div> <strong>Bike Fit kaina &#8211; 120eur<\/strong><\/p>\n<div class=\"boc_icon_holder boc_icon_size_normal boc_icon_pos_left  \" style=\"\"><span class=\"boc_icon icon icon-checkmark\" style=\"color:#f48024;\"><\/span><\/div> Taip pat galite u\u017esisakyti <strong>Dovan\u0173 Kupon\u0105<\/strong> \u0161ios paslaugos[\/vc_column_text]<div class=\"boc_spacing \" style=\"height: 10px\"><\/div>[\/vc_column][vc_column width=&#8221;1\/3&#8243; css=&#8221;.vc_custom_1477994777898{margin-top: 0px !important;margin-right: 0px !important;margin-bottom: 20px !important;margin-left: 0px !important;border-top-width: 1px !important;border-right-width: 1px !important;border-bottom-width: 1px !important;border-left-width: 1px !important;padding-top: 15px !important;padding-right: 15px !important;padding-bottom: 15px !important;padding-left: 15px !important;border-left-color: #14a3ac !important;border-left-style: solid !important;border-right-color: #14a3ac !important;border-right-style: solid !important;border-top-color: #14a3ac !important;border-top-style: solid !important;border-bottom-color: #14a3ac !important;border-bottom-style: solid !important;border-radius: 1px !important;}&#8221;]<h2 class=\"boc_heading  al_left  \"  style=\"margin-bottom: 20px;margin-top: 0px;\"><span>I\u0161testav\u0119 dvirat\u012f, i\u0161testuokite save<br \/>\nVO2 Max testas.<strong> J\u016bs su\u017einosite:<\/strong><\/span><\/h2>[vc_column_text]<div class=\"boc_icon_holder boc_icon_size_normal boc_icon_pos_left  \" style=\"\"><span class=\"boc_icon icon icon-checkmark\" style=\"color:#14a3ac;\"><\/span><\/div>Kokiu pulsu\/<em>watt\u2018ais<\/em> Jums treniruotis<\/p>\n<div class=\"boc_icon_holder boc_icon_size_normal boc_icon_pos_left  \" style=\"\"><span class=\"boc_icon icon icon-checkmark\" style=\"color:#14a3ac;\"><\/span><\/div>Kokia J\u016bs\u0173 potenciali galia<\/p>\n<div class=\"boc_icon_holder boc_icon_size_normal boc_icon_pos_left  \" style=\"\"><span class=\"boc_icon icon icon-checkmark\" style=\"color:#14a3ac;\"><\/span><\/div>Koks J\u016bs\u0173 aerobinis ir anaerobinis slenkstis<\/p>\n<div class=\"boc_icon_holder boc_icon_size_normal boc_icon_pos_left  \" style=\"\"><span class=\"boc_icon icon icon-checkmark\" style=\"color:#14a3ac;\"><\/span><\/div>Koks J\u016bs\u0173 maksimalus pulsas, deguonies suvartojimas<\/p>\n<div class=\"boc_icon_holder boc_icon_size_normal boc_icon_pos_left  \" style=\"\"><span class=\"boc_icon icon icon-checkmark\" style=\"color:#14a3ac;\"><\/span><\/div>Ir svarbiausia, su\u017einosite, k\u0105 daryti, kad J\u016bs\u0173 rezultatai prad\u0117t\u0173 kilti \u2013 tai \u017einios, metodai ir orientacija \u012f rezultatus.<\/p>\n<div class=\"boc_icon_holder boc_icon_size_normal boc_icon_pos_left  \" style=\"\"><span class=\"boc_icon icon icon-checkmark\" style=\"color:#14a3ac;\"><\/span><\/div> <strong>Vo2max kaina &#8211; nuo\u00a0 100eur<\/strong>.<\/p>\n<div class=\"boc_icon_holder boc_icon_size_normal boc_icon_pos_left  \" style=\"\"><span class=\"boc_icon icon icon-checkmark\" style=\"color:#f48024;\"><\/span><\/div> Taip pat galite u\u017esisakyti <strong>Dovan\u0173 Kupon\u0105<\/strong> \u0161ios paslaugos[\/vc_column_text]<div class=\"boc_spacing \" style=\"height: 10px\"><\/div>[\/vc_column][vc_column width=&#8221;1\/3&#8243; css=&#8221;.vc_custom_1478087361286{margin: 0px !important;padding: 15px !important;border: 1px solid #f48024 !important;border-radius: 2px !important;}&#8221;]<h2 class=\"boc_heading  al_left  \"  style=\"margin-bottom: 20px;margin-top: 0px;\"><span>Kod\u0117l verta rinktis <strong>mus?<\/strong><\/span><\/h2>[vc_column_text]<div class=\"boc_icon_holder boc_icon_size_normal boc_icon_pos_left  \" style=\"\"><span class=\"boc_icon icon icon-checkmark\" style=\"color:#f48024;\"><\/span><\/div><strong>Profesionalumas<\/strong> \u2013 m\u016bs\u0173 patirtis dvira\u010di\u0173 sporte daugiau nei 14 met\u0173<\/p>\n<div class=\"boc_icon_holder boc_icon_size_normal boc_icon_pos_left  \" style=\"\"><span class=\"boc_icon icon icon-checkmark\" style=\"color:#f48024;\"><\/span><\/div><strong>\u0160iuolaiki\u0161kumas<\/strong> \u2013 BikeFit pagrindai \u012fgyti vakar\u0173 ir centrin\u0117s Europos \u0161alyse, tokiose kaip Belgija, Vokietija, \u0160veicarija ir kt.<\/p>\n<div class=\"boc_icon_holder boc_icon_size_normal boc_icon_pos_left  \" style=\"\"><span class=\"boc_icon icon icon-checkmark\" style=\"color:#f48024;\"><\/span><\/div><strong>Visapusi\u0161kumas<\/strong> \u2013 sureguliuosime Jums bet kurio tipo dvirat\u012f, i\u0161testuosime Jus ir atsakysime \u012f visus Jums r\u016bpimus klausimus<\/p>\n<div class=\"boc_icon_holder boc_icon_size_normal boc_icon_pos_left  \" style=\"\"><span class=\"boc_icon icon icon-checkmark\" style=\"color:#f48024;\"><\/span><\/div><strong>Patogumas <\/strong>\u2013 u\u017esiregistruoti galite Jums patogiu metu; sporto baz\u0117je yra patogi r\u016bbin\u0117 su du\u0161ais, kavos aparatas; automobil\u012f gal\u0117site ramiai palikti nemokamoje aik\u0161tel\u0117je.[\/vc_column_text]<div class=\"boc_spacing \" style=\"height: 10px\"><\/div>[\/vc_column][vc_column]<div class=\"boc_spacing \" style=\"height: 20px\"><\/div>[\/vc_column][\/vc_row][vc_row bg_type=&#8221;bg_color&#8221; bg_override=&#8221;full&#8221; bg_color_value=&#8221;#eeeeee&#8221;][vc_column]<div class=\"boc_spacing \" style=\"height: 20px\"><\/div><h2 class=\"boc_heading  center  \"  style=\"margin-bottom: 20px;margin-top: 0px;color: #333;\"><span>Mok\u0117ti<\/span><\/h2>[vc_column_text]<\/p>\n<p style=\"text-align: center;\"><img loading=\"lazy\" decoding=\"async\" class=\"alignnone size-medium wp-image-275\" src=\"https:\/\/www.bikefit.lt\/wp-content\/uploads\/2023\/12\/bikefit-1-300x300.png\" alt=\"\" width=\"300\" height=\"300\" srcset=\"https:\/\/www.bikefit.lt\/wp-content\/uploads\/2023\/12\/bikefit-1-300x300.png 300w, https:\/\/www.bikefit.lt\/wp-content\/uploads\/2023\/12\/bikefit-1-150x150.png 150w, https:\/\/www.bikefit.lt\/wp-content\/uploads\/2023\/12\/bikefit-1-768x768.png 768w, https:\/\/www.bikefit.lt\/wp-content\/uploads\/2023\/12\/bikefit-1.png 1023w\" sizes=\"auto, (max-width: 300px) 100vw, 300px\" \/><\/p>\n<p style=\"text-align: center;\">Arba paspauskite<strong> <a href=\"https:\/\/payments.neopay.lt\/lt\/bikefit\" target=\"_blank\" rel=\"noopener noreferrer\">\u0161i\u0105 nuorod\u0105<\/a><\/strong><\/p>\n<p>[\/vc_column_text]<div class=\"boc_spacing \" style=\"height: 20px\"><\/div>[\/vc_column][\/vc_row]<\/p>\n","protected":false},"excerpt":{"rendered":"<p>[vc_row][vc_column][\/vc_column][\/vc_row][vc_row bg_type=&#8221;bg_color&#8221; bg_override=&#8221;full&#8221; parallax_content=&#8221;off&#8221; fadeout_row=&#8221;off&#8221; enable_overlay=&#8221;off&#8221; seperator_enable=&#8221;off&#8221; bg_color_value=&#8221;#eeeeee&#8221; el_class=&#8221;regblock&#8221;][vc_column][vc_raw_js]JTNDJTIxLS0lMjBDYWxlbmRseSUyMGlubGluZSUyMHdpZGdldCUyMGJlZ2luJTIwLS0lM0UlMEElM0NkaXYlMjBjbGFzcyUzRCUyMmNhbGVuZGx5LWlubGluZS13aWRnZXQlMjIlMjBkYXRhLXVybCUzRCUyMmh0dHBzJTNBJTJGJTJGY2FsZW5kbHkuY29tJTJGYmlrZWZpdC12bzJtYXglMkZiaWtlZml0LXZvMm1heCUzRmhpZGVfZ2Rwcl9iYW5uZXIlM0QxJTI2YmFja2dyb3VuZF9jb2xvciUzRGZmZmZmZiUyMiUyMHN0eWxlJTNEJTIybWluLXdpZHRoJTNBMzIwcHglM0JoZWlnaHQlM0E5MDBweCUzQiUyMiUzRSUzQyUyRmRpdiUzRSUwQSUzQ3NjcmlwdCUyMHR5cGUlM0QlMjJ0ZXh0JTJGamF2YXNjcmlwdCUyMiUyMHNyYyUzRCUyMmh0dHBzJTNBJTJGJTJGYXNzZXRzLmNhbGVuZGx5LmNvbSUyRmFzc2V0cyUyRmV4dGVybmFsJTJGd2lkZ2V0LmpzJTIyJTIwYXN5bmMlM0UlM0MlMkZzY3JpcHQlM0UlMEElM0MlMjEtLSUyMENhbGVuZGx5JTIwaW5saW5lJTIwd2lkZ2V0JTIwZW5kJTIwLS0lM0U=[\/vc_raw_js][\/vc_column][\/vc_row][vc_row content_placement=&#8221;middle&#8221; css=&#8221;.vc_custom_1701861958722{margin-top: 20px !important;margin-bottom: 20px !important;}&#8221;][vc_column width=&#8221;1\/2&#8243;][vc_single_image img_size=&#8221;medium&#8221; alignment=&#8221;center&#8221; image=&#8221;312&#8243;][\/vc_column][vc_column width=&#8221;1\/2&#8243;][vc_column_text] Renkat\u0117s dvirat\u012f su galimybe pasirinkti vairo plot\u012f? Ne\u017einote kokio plo\u010dio vairas tinka Jums? Galime Jums pad\u0117ti, si\u016blome pasibandyti skirting\u0173 plo\u010di\u0173 vairus Matavimo metu galimi vair\u0173 plo\u010diai nuo 320mm iki 440mm Paslaugos kaina &#8211; 40eur\u00a0[\/vc_column_text][\/vc_column][\/vc_row][vc_row content_placement=&#8221;middle&#8221; css=&#8221;.vc_custom_1701861958722{margin-top: 20px !important;margin-bottom: 20px !important;}&#8221;][vc_column<\/p>\n<div class=\"h10\"><\/div>\n<p><a class=\"more-link1\" href=\"https:\/\/www.bikefit.lt\/\">Pla\u010diau<\/a><\/p>\n","protected":false},"author":1,"featured_media":0,"parent":0,"menu_order":0,"comment_status":"closed","ping_status":"closed","template":"","meta":{"footnotes":""},"class_list":["post-11","page","type-page","status-publish","hentry"],"yoast_head":"<!-- This site is optimized with the Yoast SEO plugin v25.5 - https:\/\/yoast.com\/wordpress\/plugins\/seo\/ -->\n<title>BikeFit | Dvira\u010dio s\u0117d\u0117senos reguliavimas plento, kaln\u0173, time trial, triatlono dvira\u010diams<\/title>\n<meta name=\"description\" content=\"Personalizuotas dvira\u010dio s\u0117d\u0117senos sureguliavimas plento, kaln\u0173, time trial, triatlono dvira\u010diams. Paslaugos Bikefit, Testas ant dvira\u010dio.\" \/>\n<meta name=\"robots\" content=\"index, follow, max-snippet:-1, max-image-preview:large, max-video-preview:-1\" \/>\n<link rel=\"canonical\" href=\"https:\/\/www.bikefit.lt\/\" \/>\n<meta name=\"twitter:label1\" content=\"Est. reading time\" \/>\n\t<meta name=\"twitter:data1\" content=\"5 minut\u0117s\" \/>\n<script type=\"application\/ld+json\" class=\"yoast-schema-graph\">{\"@context\":\"https:\/\/schema.org\",\"@graph\":[{\"@type\":\"WebPage\",\"@id\":\"https:\/\/www.bikefit.lt\/\",\"url\":\"https:\/\/www.bikefit.lt\/\",\"name\":\"BikeFit | Dvira\u010dio s\u0117d\u0117senos reguliavimas plento, kaln\u0173, time trial, triatlono dvira\u010diams\",\"isPartOf\":{\"@id\":\"https:\/\/www.bikefit.lt\/#website\"},\"primaryImageOfPage\":{\"@id\":\"https:\/\/www.bikefit.lt\/#primaryimage\"},\"image\":{\"@id\":\"https:\/\/www.bikefit.lt\/#primaryimage\"},\"thumbnailUrl\":\"https:\/\/www.bikefit.lt\/wp-content\/uploads\/2023\/12\/bikefit-1-300x300.png\",\"datePublished\":\"2016-10-31T12:44:48+00:00\",\"dateModified\":\"2026-03-28T09:28:39+00:00\",\"description\":\"Personalizuotas dvira\u010dio s\u0117d\u0117senos sureguliavimas plento, kaln\u0173, time trial, triatlono dvira\u010diams. Paslaugos Bikefit, Testas ant dvira\u010dio.\",\"breadcrumb\":{\"@id\":\"https:\/\/www.bikefit.lt\/#breadcrumb\"},\"inLanguage\":\"lt-LT\",\"potentialAction\":[{\"@type\":\"ReadAction\",\"target\":[\"https:\/\/www.bikefit.lt\/\"]}]},{\"@type\":\"ImageObject\",\"inLanguage\":\"lt-LT\",\"@id\":\"https:\/\/www.bikefit.lt\/#primaryimage\",\"url\":\"https:\/\/www.bikefit.lt\/wp-content\/uploads\/2023\/12\/bikefit-1.png\",\"contentUrl\":\"https:\/\/www.bikefit.lt\/wp-content\/uploads\/2023\/12\/bikefit-1.png\",\"width\":1023,\"height\":1023},{\"@type\":\"BreadcrumbList\",\"@id\":\"https:\/\/www.bikefit.lt\/#breadcrumb\",\"itemListElement\":[{\"@type\":\"ListItem\",\"position\":1,\"name\":\"Home\",\"item\":\"https:\/\/www.bikefit.lt\/\"},{\"@type\":\"ListItem\",\"position\":2,\"name\":\"Pagrindinis\"}]},{\"@type\":\"WebSite\",\"@id\":\"https:\/\/www.bikefit.lt\/#website\",\"url\":\"https:\/\/www.bikefit.lt\/\",\"name\":\"BikeFit\",\"description\":\"Personalizuotas dvira\u010dio s\u0117d\u0117senos sureguliavimas plento, kaln\u0173, time trial, triatlono dvira\u010diams\",\"potentialAction\":[{\"@type\":\"SearchAction\",\"target\":{\"@type\":\"EntryPoint\",\"urlTemplate\":\"https:\/\/www.bikefit.lt\/?s={search_term_string}\"},\"query-input\":{\"@type\":\"PropertyValueSpecification\",\"valueRequired\":true,\"valueName\":\"search_term_string\"}}],\"inLanguage\":\"lt-LT\"}]}<\/script>\n<!-- \/ Yoast SEO plugin. -->","yoast_head_json":{"title":"BikeFit | Dvira\u010dio s\u0117d\u0117senos reguliavimas plento, kaln\u0173, time trial, triatlono dvira\u010diams","description":"Personalizuotas dvira\u010dio s\u0117d\u0117senos sureguliavimas plento, kaln\u0173, time trial, triatlono dvira\u010diams. Paslaugos Bikefit, Testas ant dvira\u010dio.","robots":{"index":"index","follow":"follow","max-snippet":"max-snippet:-1","max-image-preview":"max-image-preview:large","max-video-preview":"max-video-preview:-1"},"canonical":"https:\/\/www.bikefit.lt\/","twitter_misc":{"Est. reading time":"5 minut\u0117s"},"schema":{"@context":"https:\/\/schema.org","@graph":[{"@type":"WebPage","@id":"https:\/\/www.bikefit.lt\/","url":"https:\/\/www.bikefit.lt\/","name":"BikeFit | Dvira\u010dio s\u0117d\u0117senos reguliavimas plento, kaln\u0173, time trial, triatlono dvira\u010diams","isPartOf":{"@id":"https:\/\/www.bikefit.lt\/#website"},"primaryImageOfPage":{"@id":"https:\/\/www.bikefit.lt\/#primaryimage"},"image":{"@id":"https:\/\/www.bikefit.lt\/#primaryimage"},"thumbnailUrl":"https:\/\/www.bikefit.lt\/wp-content\/uploads\/2023\/12\/bikefit-1-300x300.png","datePublished":"2016-10-31T12:44:48+00:00","dateModified":"2026-03-28T09:28:39+00:00","description":"Personalizuotas dvira\u010dio s\u0117d\u0117senos sureguliavimas plento, kaln\u0173, time trial, triatlono dvira\u010diams. Paslaugos Bikefit, Testas ant dvira\u010dio.","breadcrumb":{"@id":"https:\/\/www.bikefit.lt\/#breadcrumb"},"inLanguage":"lt-LT","potentialAction":[{"@type":"ReadAction","target":["https:\/\/www.bikefit.lt\/"]}]},{"@type":"ImageObject","inLanguage":"lt-LT","@id":"https:\/\/www.bikefit.lt\/#primaryimage","url":"https:\/\/www.bikefit.lt\/wp-content\/uploads\/2023\/12\/bikefit-1.png","contentUrl":"https:\/\/www.bikefit.lt\/wp-content\/uploads\/2023\/12\/bikefit-1.png","width":1023,"height":1023},{"@type":"BreadcrumbList","@id":"https:\/\/www.bikefit.lt\/#breadcrumb","itemListElement":[{"@type":"ListItem","position":1,"name":"Home","item":"https:\/\/www.bikefit.lt\/"},{"@type":"ListItem","position":2,"name":"Pagrindinis"}]},{"@type":"WebSite","@id":"https:\/\/www.bikefit.lt\/#website","url":"https:\/\/www.bikefit.lt\/","name":"BikeFit","description":"Personalizuotas dvira\u010dio s\u0117d\u0117senos sureguliavimas plento, kaln\u0173, time trial, triatlono dvira\u010diams","potentialAction":[{"@type":"SearchAction","target":{"@type":"EntryPoint","urlTemplate":"https:\/\/www.bikefit.lt\/?s={search_term_string}"},"query-input":{"@type":"PropertyValueSpecification","valueRequired":true,"valueName":"search_term_string"}}],"inLanguage":"lt-LT"}]}},"_links":{"self":[{"href":"https:\/\/www.bikefit.lt\/index.php\/wp-json\/wp\/v2\/pages\/11","targetHints":{"allow":["GET"]}}],"collection":[{"href":"https:\/\/www.bikefit.lt\/index.php\/wp-json\/wp\/v2\/pages"}],"about":[{"href":"https:\/\/www.bikefit.lt\/index.php\/wp-json\/wp\/v2\/types\/page"}],"author":[{"embeddable":true,"href":"https:\/\/www.bikefit.lt\/index.php\/wp-json\/wp\/v2\/users\/1"}],"replies":[{"embeddable":true,"href":"https:\/\/www.bikefit.lt\/index.php\/wp-json\/wp\/v2\/comments?post=11"}],"version-history":[{"count":140,"href":"https:\/\/www.bikefit.lt\/index.php\/wp-json\/wp\/v2\/pages\/11\/revisions"}],"predecessor-version":[{"id":321,"href":"https:\/\/www.bikefit.lt\/index.php\/wp-json\/wp\/v2\/pages\/11\/revisions\/321"}],"wp:attachment":[{"href":"https:\/\/www.bikefit.lt\/index.php\/wp-json\/wp\/v2\/media?parent=11"}],"curies":[{"name":"wp","href":"https:\/\/api.w.org\/{rel}","templated":true}]}}